{"id":14304,"date":"2015-11-17T14:16:52","date_gmt":"2015-11-17T14:16:52","guid":{"rendered":"https:\/\/www.poleetic.com\/en\/nos-experts\/expert-alexandra-roucheray\/"},"modified":"2017-01-28T10:59:17","modified_gmt":"2017-01-28T10:59:17","slug":"expert-alexandra-roucheray","status":"publish","type":"page","link":"https:\/\/www.poleetic.com\/en\/poleetic\/our-experts\/expert-alexandra-roucheray\/","title":{"rendered":"Alexandra Roucheray"},"content":{"rendered":"<div class=\"fusion-fullwidth fullwidth-box fusion-builder-row-1 hundred-percent-fullwidth non-hundred-percent-height-scrolling\" style=\"--awb-border-radius-top-left:0px;--awb-border-radius-top-right:0px;--awb-border-radius-bottom-right:0px;--awb-border-radius-bottom-left:0px;--awb-overflow:visible;--awb-flex-wrap:wrap;\" ><div class=\"fusion-builder-row fusion-row\"><div class=\"fusion-layout-column fusion_builder_column fusion-builder-column-0 fusion_builder_column_1_1 1_1 fusion-one-full fusion-column-first fusion-column-last\" style=\"--awb-bg-size:cover;\"><div class=\"fusion-column-wrapper fusion-flex-column-wrapper-legacy\"><div class=\"fusion-image-element fusion-image-align-center in-legacy-container\" style=\"text-align:center;--awb-caption-title-font-family:var(--h2_typography-font-family);--awb-caption-title-font-weight:var(--h2_typography-font-weight);--awb-caption-title-font-style:var(--h2_typography-font-style);--awb-caption-title-size:var(--h2_typography-font-size);--awb-caption-title-transform:var(--h2_typography-text-transform);--awb-caption-title-line-height:var(--h2_typography-line-height);--awb-caption-title-letter-spacing:var(--h2_typography-letter-spacing);\"><div class=\"imageframe-align-center\"><span class=\" fusion-imageframe imageframe-none imageframe-1 hover-type-none\"><img decoding=\"async\" width=\"130\" height=\"130\" alt=\"Alexandra Roucheray\" title=\"Alexandra-Roucheray\" src=\"https:\/\/www.poleetic.com\/wp-content\/uploads\/2015\/08\/Alexandra-Roucheray1.jpg\" class=\"img-responsive wp-image-13619\" srcset=\"https:\/\/www.poleetic.com\/wp-content\/uploads\/2015\/08\/Alexandra-Roucheray1-66x66.jpg 66w, https:\/\/www.poleetic.com\/wp-content\/uploads\/2015\/08\/Alexandra-Roucheray1.jpg 130w\" sizes=\"(max-width: 130px) 100vw, 130px\" \/><\/span><\/div><\/div><div class=\"fusion-text fusion-text-1\"><h1 style=\"text-align: center;\"><strong>Alexandra Roucheray<\/strong><\/h1>\n<h2 style=\"text-align: justify;\"><em>Artistic director<\/em><\/h2>\n<\/div><div class=\"fusion-text fusion-text-2\"><p>Alexandra is a french graphic designer and art director who graduated from the \u00c9cole sup\u00e9rieure des Arts d\u00e9coratifs of Strasbourg (France), in 2009.<br \/>\nShe has been working in Paris as a freelance, both on collaborating or commissionned projects, mostly in cultural and edition areas, web or print design.<\/p>\n<p>Specialized in branding and corporate missions, she helps clients during conception stages (Graphic identity, guidelines&#8230;) and production stages (print and digital.<\/p>\n<p><a href=\"http:\/\/www.alexandraroucheray.com\" target=\"_blank\">Plus d\u2019info<\/a> | <a href=\"https:\/\/fr.linkedin.com\/in\/alexandraroucheray\" target=\"_blank\">LinkedIn<\/a><\/p>\n<\/div><div class=\"fusion-clearfix\"><\/div><\/div><\/div><\/div><\/div>\n","protected":false},"excerpt":{"rendered":"","protected":false},"author":1,"featured_media":0,"parent":12896,"menu_order":0,"comment_status":"closed","ping_status":"closed","template":"","meta":{"footnotes":""},"class_list":["post-14304","page","type-page","status-publish","hentry"],"aioseo_notices":[],"_links":{"self":[{"href":"https:\/\/www.poleetic.com\/en\/wp-json\/wp\/v2\/pages\/14304","targetHints":{"allow":["GET"]}}],"collection":[{"href":"https:\/\/www.poleetic.com\/en\/wp-json\/wp\/v2\/pages"}],"about":[{"href":"https:\/\/www.poleetic.com\/en\/wp-json\/wp\/v2\/types\/page"}],"author":[{"embeddable":true,"href":"https:\/\/www.poleetic.com\/en\/wp-json\/wp\/v2\/users\/1"}],"replies":[{"embeddable":true,"href":"https:\/\/www.poleetic.com\/en\/wp-json\/wp\/v2\/comments?post=14304"}],"version-history":[{"count":3,"href":"https:\/\/www.poleetic.com\/en\/wp-json\/wp\/v2\/pages\/14304\/revisions"}],"predecessor-version":[{"id":14795,"href":"https:\/\/www.poleetic.com\/en\/wp-json\/wp\/v2\/pages\/14304\/revisions\/14795"}],"up":[{"embeddable":true,"href":"https:\/\/www.poleetic.com\/en\/wp-json\/wp\/v2\/pages\/12896"}],"wp:attachment":[{"href":"https:\/\/www.poleetic.com\/en\/wp-json\/wp\/v2\/media?parent=14304"}],"curies":[{"name":"wp","href":"https:\/\/api.w.org\/{rel}","templated":true}]}}